{"id":1205,"date":"2024-02-28T11:59:53","date_gmt":"2024-02-28T08:59:53","guid":{"rendered":"http:\/\/srconsttr.com\/?page_id=1205"},"modified":"2024-12-26T20:26:04","modified_gmt":"2024-12-26T17:26:04","slug":"firma","status":"publish","type":"page","link":"https:\/\/srconsttr.com\/index.php\/firma\/","title":{"rendered":"Firma Hakk\u0131nda"},"content":{"rendered":"\t\t<div data-elementor-type=\"wp-page\" data-elementor-id=\"1205\" class=\"elementor elementor-1205\">\n\t\t\t\t<div class=\"elementor-element elementor-element-a567942 e-con-full e-flex e-con e-parent\" data-id=\"a567942\" data-element_type=\"container\" data-e-type=\"container\" data-settings=\"{&quot;background_background&quot;:&quot;slideshow&quot;,&quot;shape_divider_bottom&quot;:&quot;mountains&quot;,&quot;background_slideshow_gallery&quot;:[{&quot;id&quot;:182,&quot;url&quot;:&quot;http:\\\/\\\/srconsttr.com\\\/wp-content\\\/uploads\\\/2023\\\/12\\\/Ozeller-Insaat.jpg&quot;}],&quot;background_slideshow_loop&quot;:&quot;yes&quot;,&quot;background_slideshow_slide_duration&quot;:5000,&quot;background_slideshow_slide_transition&quot;:&quot;fade&quot;,&quot;background_slideshow_transition_duration&quot;:500}\">\n\t\t\t\t<div class=\"elementor-shape elementor-shape-bottom\" aria-hidden=\"true\" data-negative=\"false\">\n\t\t\t<svg xmlns=\"http:\/\/www.w3.org\/2000\/svg\" viewBox=\"0 0 1000 100\" preserveAspectRatio=\"none\">\n\t<path class=\"elementor-shape-fill\" opacity=\"0.33\" d=\"M473,67.3c-203.9,88.3-263.1-34-320.3,0C66,119.1,0,59.7,0,59.7V0h1000v59.7 c0,0-62.1,26.1-94.9,29.3c-32.8,3.3-62.8-12.3-75.8-22.1C806,49.6,745.3,8.7,694.9,4.7S492.4,59,473,67.3z\"\/>\n\t<path class=\"elementor-shape-fill\" opacity=\"0.66\" d=\"M734,67.3c-45.5,0-77.2-23.2-129.1-39.1c-28.6-8.7-150.3-10.1-254,39.1 s-91.7-34.4-149.2,0C115.7,118.3,0,39.8,0,39.8V0h1000v36.5c0,0-28.2-18.5-92.1-18.5C810.2,18.1,775.7,67.3,734,67.3z\"\/>\n\t<path class=\"elementor-shape-fill\" d=\"M766.1,28.9c-200-57.5-266,65.5-395.1,19.5C242,1.8,242,5.4,184.8,20.6C128,35.8,132.3,44.9,89.9,52.5C28.6,63.7,0,0,0,0 h1000c0,0-9.9,40.9-83.6,48.1S829.6,47,766.1,28.9z\"\/>\n<\/svg>\t\t<\/div>\n\t\t\t\t<\/div>\n\t\t<div class=\"elementor-element elementor-element-ca71a26 e-flex e-con-boxed e-con e-parent\" data-id=\"ca71a26\" data-element_type=\"container\" data-e-type=\"container\">\n\t\t\t\t\t<div class=\"e-con-inner\">\n\t\t\t\t<div class=\"elementor-element elementor-element-9d21431 elementor-widget elementor-widget-heading\" data-id=\"9d21431\" data-element_type=\"widget\" data-e-type=\"widget\" data-widget_type=\"heading.default\">\n\t\t\t\t<div class=\"elementor-widget-container\">\n\t\t\t\t\t<h2 class=\"elementor-heading-title elementor-size-default\">Firmam\u0131z hakk\u0131nda\n<\/h2>\t\t\t\t<\/div>\n\t\t\t\t<\/div>\n\t\t\t\t\t<\/div>\n\t\t\t\t<\/div>\n\t\t<div class=\"elementor-element elementor-element-1b031d9 e-flex e-con-boxed e-con e-parent\" data-id=\"1b031d9\" data-element_type=\"container\" data-e-type=\"container\">\n\t\t\t\t\t<div class=\"e-con-inner\">\n\t\t\t\t<div class=\"elementor-element elementor-element-0dac8a0 elementor-widget elementor-widget-text-editor\" data-id=\"0dac8a0\" data-element_type=\"widget\" data-e-type=\"widget\" data-widget_type=\"text-editor.default\">\n\t\t\t\t<div class=\"elementor-widget-container\">\n\t\t\t\t\t\t\t\t\t<p>\u0130nan\u00e7, g\u00fcven, y\u00fcksek standart ve kalite hedefi ile yola \u00e7\u0131kan firmam\u0131z in\u015faat alan\u0131nda geni\u015f bilgi birikimine sahip, tecr\u00fcbeli, dinamik ve d\u00fcr\u00fcst kadrosu ve 27 y\u0131ll\u0131k i\u015f tecr\u00fcbesiyle hizmet yar\u0131\u015f\u0131nda bayra\u011f\u0131 daha da yukar\u0131ya ta\u015f\u0131ma azim ve kararl\u0131l\u0131\u011f\u0131ndad\u0131r.<br \/>1993 y\u0131l\u0131ndan bu g\u00fcne in\u015faat sekt\u00f6r\u00fcnde yurt i\u00e7i ve yurt d\u0131\u015f\u0131nda hizmet vermekte olan firmam\u0131z 2018 den beri sadece konut yap\u0131m sekt\u00f6r\u00fcnde hizmet vermeye devam etmektedir.<\/p>\t\t\t\t\t\t\t\t<\/div>\n\t\t\t\t<\/div>\n\t\t\t\t\t<\/div>\n\t\t\t\t<\/div>\n\t\t<div class=\"elementor-element elementor-element-cc95240 e-flex e-con-boxed e-con e-parent\" data-id=\"cc95240\" data-element_type=\"container\" data-e-type=\"container\">\n\t\t\t\t\t<div class=\"e-con-inner\">\n\t\t\t\t\t<\/div>\n\t\t\t\t<\/div>\n\t\t<div class=\"elementor-element elementor-element-c93f40d e-flex e-con-boxed e-con e-parent\" data-id=\"c93f40d\" data-element_type=\"container\" data-e-type=\"container\" data-settings=\"{&quot;background_background&quot;:&quot;classic&quot;,&quot;shape_divider_top&quot;:&quot;mountains&quot;}\">\n\t\t\t\t\t<div class=\"e-con-inner\">\n\t\t\t\t<div class=\"elementor-shape elementor-shape-top\" aria-hidden=\"true\" data-negative=\"false\">\n\t\t\t<svg xmlns=\"http:\/\/www.w3.org\/2000\/svg\" viewBox=\"0 0 1000 100\" preserveAspectRatio=\"none\">\n\t<path class=\"elementor-shape-fill\" opacity=\"0.33\" d=\"M473,67.3c-203.9,88.3-263.1-34-320.3,0C66,119.1,0,59.7,0,59.7V0h1000v59.7 c0,0-62.1,26.1-94.9,29.3c-32.8,3.3-62.8-12.3-75.8-22.1C806,49.6,745.3,8.7,694.9,4.7S492.4,59,473,67.3z\"\/>\n\t<path class=\"elementor-shape-fill\" opacity=\"0.66\" d=\"M734,67.3c-45.5,0-77.2-23.2-129.1-39.1c-28.6-8.7-150.3-10.1-254,39.1 s-91.7-34.4-149.2,0C115.7,118.3,0,39.8,0,39.8V0h1000v36.5c0,0-28.2-18.5-92.1-18.5C810.2,18.1,775.7,67.3,734,67.3z\"\/>\n\t<path class=\"elementor-shape-fill\" d=\"M766.1,28.9c-200-57.5-266,65.5-395.1,19.5C242,1.8,242,5.4,184.8,20.6C128,35.8,132.3,44.9,89.9,52.5C28.6,63.7,0,0,0,0 h1000c0,0-9.9,40.9-83.6,48.1S829.6,47,766.1,28.9z\"\/>\n<\/svg>\t\t<\/div>\n\t\t\t\t\t<\/div>\n\t\t\t\t<\/div>\n\t\t\t\t<\/div>\n\t\t","protected":false},"excerpt":{"rendered":"<p>Firmam\u0131z hakk\u0131nda \u0130nan\u00e7, g\u00fcven, y\u00fcksek standart ve kalite hedefi ile yola \u00e7\u0131kan firmam\u0131z in\u015faat alan\u0131nda geni\u015f bilgi birikimine sahip, tecr\u00fcbeli, dinamik ve d\u00fcr\u00fcst kadrosu ve 27 y\u0131ll\u0131k i\u015f tecr\u00fcbesiyle hizmet yar\u0131\u015f\u0131nda bayra\u011f\u0131 daha da yukar\u0131ya ta\u015f\u0131ma azim ve kararl\u0131l\u0131\u011f\u0131ndad\u0131r.1993 y\u0131l\u0131ndan bu g\u00fcne in\u015faat sekt\u00f6r\u00fcnde yurt i\u00e7i ve yurt d\u0131\u015f\u0131nda hizmet vermekte olan firmam\u0131z 2018 den&#8230;<\/p>\n","protected":false},"author":1,"featured_media":0,"parent":0,"menu_order":0,"comment_status":"closed","ping_status":"closed","template":"","meta":{"_kad_post_transparent":"","_kad_post_title":"hide","_kad_post_layout":"fullwidth","_kad_post_sidebar_id":"","_kad_post_content_style":"unboxed","_kad_post_vertical_padding":"hide","_kad_post_feature":"hide","_kad_post_feature_position":"","_kad_post_header":false,"_kad_post_footer":false,"footnotes":""},"class_list":["post-1205","page","type-page","status-publish","hentry"],"_links":{"self":[{"href":"https:\/\/srconsttr.com\/index.php\/wp-json\/wp\/v2\/pages\/1205","targetHints":{"allow":["GET"]}}],"collection":[{"href":"https:\/\/srconsttr.com\/index.php\/wp-json\/wp\/v2\/pages"}],"about":[{"href":"https:\/\/srconsttr.com\/index.php\/wp-json\/wp\/v2\/types\/page"}],"author":[{"embeddable":true,"href":"https:\/\/srconsttr.com\/index.php\/wp-json\/wp\/v2\/users\/1"}],"replies":[{"embeddable":true,"href":"https:\/\/srconsttr.com\/index.php\/wp-json\/wp\/v2\/comments?post=1205"}],"version-history":[{"count":35,"href":"https:\/\/srconsttr.com\/index.php\/wp-json\/wp\/v2\/pages\/1205\/revisions"}],"predecessor-version":[{"id":1468,"href":"https:\/\/srconsttr.com\/index.php\/wp-json\/wp\/v2\/pages\/1205\/revisions\/1468"}],"wp:attachment":[{"href":"https:\/\/srconsttr.com\/index.php\/wp-json\/wp\/v2\/media?parent=1205"}],"curies":[{"name":"wp","href":"https:\/\/api.w.org\/{rel}","templated":true}]}}