{"id":1112,"date":"2024-02-28T02:07:49","date_gmt":"2024-02-27T23:07:49","guid":{"rendered":"http:\/\/srconsttr.com\/?page_id=1112"},"modified":"2024-12-26T21:10:04","modified_gmt":"2024-12-26T18:10:04","slug":"baslangic","status":"publish","type":"page","link":"https:\/\/srconsttr.com\/","title":{"rendered":"Anasayfa"},"content":{"rendered":"\t\t<div data-elementor-type=\"wp-page\" data-elementor-id=\"1112\" class=\"elementor elementor-1112\">\n\t\t\t\t<div class=\"elementor-element elementor-element-25cf589 e-con-full e-flex e-con e-parent\" data-id=\"25cf589\" data-element_type=\"container\" data-e-type=\"container\" data-settings=\"{&quot;background_background&quot;:&quot;slideshow&quot;,&quot;shape_divider_bottom&quot;:&quot;mountains&quot;,&quot;background_slideshow_gallery&quot;:[{&quot;id&quot;:767,&quot;url&quot;:&quot;http:\\\/\\\/srconsttr.com\\\/wp-content\\\/uploads\\\/2023\\\/12\\\/srs3.jpg&quot;},{&quot;id&quot;:762,&quot;url&quot;:&quot;http:\\\/\\\/srconsttr.com\\\/wp-content\\\/uploads\\\/2023\\\/12\\\/srs2.jpg&quot;},{&quot;id&quot;:758,&quot;url&quot;:&quot;http:\\\/\\\/srconsttr.com\\\/wp-content\\\/uploads\\\/2023\\\/12\\\/srs1.jpg&quot;}],&quot;background_slideshow_loop&quot;:&quot;yes&quot;,&quot;background_slideshow_slide_duration&quot;:5000,&quot;background_slideshow_slide_transition&quot;:&quot;fade&quot;,&quot;background_slideshow_transition_duration&quot;:500}\">\n\t\t\t\t<div class=\"elementor-shape elementor-shape-bottom\" aria-hidden=\"true\" data-negative=\"false\">\n\t\t\t<svg xmlns=\"http:\/\/www.w3.org\/2000\/svg\" viewBox=\"0 0 1000 100\" preserveAspectRatio=\"none\">\n\t<path class=\"elementor-shape-fill\" opacity=\"0.33\" d=\"M473,67.3c-203.9,88.3-263.1-34-320.3,0C66,119.1,0,59.7,0,59.7V0h1000v59.7 c0,0-62.1,26.1-94.9,29.3c-32.8,3.3-62.8-12.3-75.8-22.1C806,49.6,745.3,8.7,694.9,4.7S492.4,59,473,67.3z\"\/>\n\t<path class=\"elementor-shape-fill\" opacity=\"0.66\" d=\"M734,67.3c-45.5,0-77.2-23.2-129.1-39.1c-28.6-8.7-150.3-10.1-254,39.1 s-91.7-34.4-149.2,0C115.7,118.3,0,39.8,0,39.8V0h1000v36.5c0,0-28.2-18.5-92.1-18.5C810.2,18.1,775.7,67.3,734,67.3z\"\/>\n\t<path class=\"elementor-shape-fill\" d=\"M766.1,28.9c-200-57.5-266,65.5-395.1,19.5C242,1.8,242,5.4,184.8,20.6C128,35.8,132.3,44.9,89.9,52.5C28.6,63.7,0,0,0,0 h1000c0,0-9.9,40.9-83.6,48.1S829.6,47,766.1,28.9z\"\/>\n<\/svg>\t\t<\/div>\n\t\t\t\t<\/div>\n\t\t<div class=\"elementor-element elementor-element-a7f2760 e-flex e-con-boxed e-con e-parent\" data-id=\"a7f2760\" data-element_type=\"container\" data-e-type=\"container\" data-settings=\"{&quot;background_background&quot;:&quot;classic&quot;}\">\n\t\t\t\t\t<div class=\"e-con-inner\">\n\t\t<div class=\"elementor-element elementor-element-40b19d3 e-con-full e-flex e-con e-child\" data-id=\"40b19d3\" data-element_type=\"container\" data-e-type=\"container\">\n\t\t\t\t<div class=\"elementor-element elementor-element-0d4f473 elementor-widget elementor-widget-heading\" data-id=\"0d4f473\" data-element_type=\"widget\" data-e-type=\"widget\" data-widget_type=\"heading.default\">\n\t\t\t\t<div class=\"elementor-widget-container\">\n\t\t\t\t\t<h2 class=\"elementor-heading-title elementor-size-default\">SADECE \u0130N\u015eAAT YAPMIYORUZ<\/h2>\t\t\t\t<\/div>\n\t\t\t\t<\/div>\n\t\t\t\t<\/div>\n\t\t<div class=\"elementor-element elementor-element-404887b e-con-full e-flex e-con e-child\" data-id=\"404887b\" data-element_type=\"container\" data-e-type=\"container\">\n\t\t\t\t<div class=\"elementor-element elementor-element-c2a38c7 elementor-widget elementor-widget-text-editor\" data-id=\"c2a38c7\" data-element_type=\"widget\" data-e-type=\"widget\" data-widget_type=\"text-editor.default\">\n\t\t\t\t<div class=\"elementor-widget-container\">\n\t\t\t\t\t\t\t\t\t<p>Fikirleri ve vizyonlar\u0131 \u00f6d\u00fcll\u00fc projelere d\u00f6n\u00fc\u015ft\u00fcr\u00fcyoruz.<\/p>\t\t\t\t\t\t\t\t<\/div>\n\t\t\t\t<\/div>\n\t\t\t\t<\/div>\n\t\t<div class=\"elementor-element elementor-element-a2b7bd6 e-con-full e-flex e-con e-child\" data-id=\"a2b7bd6\" data-element_type=\"container\" data-e-type=\"container\">\n\t\t\t\t<div class=\"elementor-element elementor-element-361b9ee elementor-align-center elementor-widget elementor-widget-button\" data-id=\"361b9ee\" data-element_type=\"widget\" data-e-type=\"widget\" data-widget_type=\"button.default\">\n\t\t\t\t<div class=\"elementor-widget-container\">\n\t\t\t\t\t\t\t\t\t<div class=\"elementor-button-wrapper\">\n\t\t\t\t\t<a class=\"elementor-button elementor-button-link elementor-size-sm\" href=\"http:\/\/srconsttr.com\/index.php\/projelerimiz\/\">\n\t\t\t\t\t\t<span class=\"elementor-button-content-wrapper\">\n\t\t\t\t\t\t\t\t\t<span class=\"elementor-button-text\">\u0130nceleyiniz.<\/span>\n\t\t\t\t\t<\/span>\n\t\t\t\t\t<\/a>\n\t\t\t\t<\/div>\n\t\t\t\t\t\t\t\t<\/div>\n\t\t\t\t<\/div>\n\t\t\t\t<\/div>\n\t\t\t\t\t<\/div>\n\t\t\t\t<\/div>\n\t\t<div class=\"elementor-element elementor-element-ac3098c e-flex e-con-boxed e-con e-parent\" data-id=\"ac3098c\" data-element_type=\"container\" data-e-type=\"container\">\n\t\t\t\t\t<div class=\"e-con-inner\">\n\t\t\t\t<div class=\"elementor-element elementor-element-3e58d1d elementor-widget elementor-widget-heading\" data-id=\"3e58d1d\" data-element_type=\"widget\" data-e-type=\"widget\" data-widget_type=\"heading.default\">\n\t\t\t\t<div class=\"elementor-widget-container\">\n\t\t\t\t\t<h2 class=\"elementor-heading-title elementor-size-default\">B\u0130Z NELER YAPIYORUZ<\/h2>\t\t\t\t<\/div>\n\t\t\t\t<\/div>\n\t\t\t\t<div class=\"elementor-element elementor-element-93d0128 elementor-widget-divider--view-line elementor-widget elementor-widget-divider\" data-id=\"93d0128\" data-element_type=\"widget\" data-e-type=\"widget\" data-widget_type=\"divider.default\">\n\t\t\t\t<div class=\"elementor-widget-container\">\n\t\t\t\t\t\t\t<div class=\"elementor-divider\">\n\t\t\t<span class=\"elementor-divider-separator\">\n\t\t\t\t\t\t<\/span>\n\t\t<\/div>\n\t\t\t\t\t\t<\/div>\n\t\t\t\t<\/div>\n\t\t\t\t<div class=\"elementor-element elementor-element-e93644a elementor-widget elementor-widget-text-editor\" data-id=\"e93644a\" data-element_type=\"widget\" data-e-type=\"widget\" data-widget_type=\"text-editor.default\">\n\t\t\t\t<div class=\"elementor-widget-container\">\n\t\t\t\t\t\t\t\t\t<p>SR CONSTRUCTION TR, m\u00fc\u015fterilerini memnun etmek i\u00e7in her zaman en kaliteli tedarik\u00e7iler, en itibarl\u0131 \u00e7\u00f6z\u00fcm ortaklar\u0131 ve en donan\u0131ml\u0131 personel ile \u00e7al\u0131\u015fmakta, kendisini s\u00fcrekli geli\u015ftirmektedir. M\u00fc\u015fteri ihtiya\u00e7lar\u0131n\u0131n gerektirdi\u011fi s\u00fcrd\u00fcr\u00fclebilir d\u00f6n\u00fc\u015f\u00fcm i\u00e7in; \u00e7al\u0131\u015fanlar\u0131n\u0131, \u00e7\u00f6z\u00fcm ortaklar\u0131n\u0131, tedarik\u00e7ilerini s\u00fcrekli yenilik\u00e7i teknolojilerle desteklemektedir.<\/p>\t\t\t\t\t\t\t\t<\/div>\n\t\t\t\t<\/div>\n\t\t\t\t\t<\/div>\n\t\t\t\t<\/div>\n\t\t<div class=\"elementor-element elementor-element-5fea321 e-flex e-con-boxed elementor-invisible e-con e-parent\" data-id=\"5fea321\" data-element_type=\"container\" data-e-type=\"container\" data-settings=\"{&quot;background_background&quot;:&quot;classic&quot;,&quot;animation&quot;:&quot;zoomIn&quot;}\">\n\t\t\t\t\t<div class=\"e-con-inner\">\n\t\t\t\t<div class=\"elementor-element elementor-element-6528b60 animated-slow elementor-widget elementor-widget-sina_portfolio\" data-id=\"6528b60\" data-element_type=\"widget\" data-e-type=\"widget\" data-settings=\"{&quot;_animation&quot;:&quot;none&quot;}\" data-widget_type=\"sina_portfolio.default\">\n\t\t\t\t<div class=\"elementor-widget-container\">\n\t\t\t\t\t\t\t<div class=\"sina-portfolio sina-pf-6528b60\"\r\n\t\tdata-layout=\"sina-pf-item-4\">\r\n\t\t\t<div class=\"sina-portfolio-btns\">\r\n\t\t\t\t<button class=\"sina-portfolio-btn sina-button is-checked \" data-filter=\"*\">\r\n\t\t\t\t\tProjelerimiz\t\t\t\t<\/button>\r\n\t\t\t\t\t\t\t<\/div>\r\n\r\n\t\t\t<div class=\"sina-portfolio-grid\">\r\n\t\t\t\t\t\t\t\t\t\t\t\t<div class=\"sina-portfolio-item  sina-pf-item-4\">\r\n\t\t\t\t\t\t<div class=\"sina-portfolio-item-inner sina-bg-cover\"\r\n\t\t\t\t\t\t\tstyle=\"background-image: url(http:\/\/srconsttr.com\/wp-content\/uploads\/2023\/12\/WhatsApp-Image-2023-11-28-at-07.56.21.jpeg);\">\r\n\t\t\t\t\t\t\t<div class=\"sina-portfolio-overlay sina-overlay sina-flex sina-pf-effect-move\">\r\n\t\t\t\t\t\t\t\t<div class=\"sina-portfolio-icons sina-flex\">\r\n\t\t\t\t\t\t\t\t\t<div class=\"sina-portfolio-content\">\r\n\t\t\t\t\t\t\t\t\t\t\r\n\t\t\t\t\t\t\t\t\t\t<div class=\"btns-wrap\">\r\n\t\t\t\t\t\t\t\t\t\t\t<a title=\"\" href=\"http:\/\/srconsttr.com\/wp-content\/uploads\/2023\/12\/WhatsApp-Image-2023-11-28-at-07.56.21.jpeg\" class=\"sina-portfolio-zoom\" data-gall=\"sina-pf-6528b60\">\r\n\t\t\t\t\t\t\t\t\t\t\t\t<i class=\"fa fa-search-plus\"><\/i>\r\n\t\t\t\t\t\t\t\t\t\t\t<\/a>\r\n\t\t\t\t\t\t\t\t\t\t\t<a href=\"http:\/\/srconsttr.com\/index.php\/projelerimiz\/\"\r\n\t\t\t\t\t\t\t\t\t\t\t\t\t\t\t\t\t\t\t\t\t\t class=\"sina-portfolio-link\">\r\n\t\t\t\t\t\t\t\t\t\t\t\t<i class=\"fa fa-link\"><\/i>\r\n\t\t\t\t\t\t\t\t\t\t\t<\/a>\r\n\t\t\t\t\t\t\t\t\t\t<\/div>\r\n\t\t\t\t\t\t\t\t\t<\/div>\r\n\t\t\t\t\t\t\t\t<\/div>\r\n\t\t\t\t\t\t\t<\/div>\r\n\t\t\t\t\t\t<\/div>\r\n\t\t\t\t\t<\/div>\r\n\t\t\t\t\t\t\t\t\t\t\t\t\t\t\t\t<div class=\"sina-portfolio-item  sina-pf-item-4\">\r\n\t\t\t\t\t\t<div class=\"sina-portfolio-item-inner sina-bg-cover\"\r\n\t\t\t\t\t\t\tstyle=\"background-image: url(http:\/\/srconsttr.com\/wp-content\/uploads\/2023\/12\/srs3.jpg);\">\r\n\t\t\t\t\t\t\t<div class=\"sina-portfolio-overlay sina-overlay sina-flex sina-pf-effect-move\">\r\n\t\t\t\t\t\t\t\t<div class=\"sina-portfolio-icons sina-flex\">\r\n\t\t\t\t\t\t\t\t\t<div class=\"sina-portfolio-content\">\r\n\t\t\t\t\t\t\t\t\t\t\r\n\t\t\t\t\t\t\t\t\t\t<div class=\"btns-wrap\">\r\n\t\t\t\t\t\t\t\t\t\t\t<a title=\"\" href=\"http:\/\/srconsttr.com\/wp-content\/uploads\/2023\/12\/srs3.jpg\" class=\"sina-portfolio-zoom\" data-gall=\"sina-pf-6528b60\">\r\n\t\t\t\t\t\t\t\t\t\t\t\t<i class=\"fa fa-search-plus\"><\/i>\r\n\t\t\t\t\t\t\t\t\t\t\t<\/a>\r\n\t\t\t\t\t\t\t\t\t\t\t<a href=\"http:\/\/srconsttr.com\/index.php\/projelerimiz\/\"\r\n\t\t\t\t\t\t\t\t\t\t\t\t\t\t\t\t\t\t\t\t\t\t class=\"sina-portfolio-link\">\r\n\t\t\t\t\t\t\t\t\t\t\t\t<i class=\"fa fa-link\"><\/i>\r\n\t\t\t\t\t\t\t\t\t\t\t<\/a>\r\n\t\t\t\t\t\t\t\t\t\t<\/div>\r\n\t\t\t\t\t\t\t\t\t<\/div>\r\n\t\t\t\t\t\t\t\t<\/div>\r\n\t\t\t\t\t\t\t<\/div>\r\n\t\t\t\t\t\t<\/div>\r\n\t\t\t\t\t<\/div>\r\n\t\t\t\t\t\t\t\t\t\t\t\t\t\t\t\t<div class=\"sina-portfolio-item  sina-pf-item-4\">\r\n\t\t\t\t\t\t<div class=\"sina-portfolio-item-inner sina-bg-cover\"\r\n\t\t\t\t\t\t\tstyle=\"background-image: url(http:\/\/srconsttr.com\/wp-content\/uploads\/2023\/12\/srs2.jpg);\">\r\n\t\t\t\t\t\t\t<div class=\"sina-portfolio-overlay sina-overlay sina-flex sina-pf-effect-move\">\r\n\t\t\t\t\t\t\t\t<div class=\"sina-portfolio-icons sina-flex\">\r\n\t\t\t\t\t\t\t\t\t<div class=\"sina-portfolio-content\">\r\n\t\t\t\t\t\t\t\t\t\t\r\n\t\t\t\t\t\t\t\t\t\t<div class=\"btns-wrap\">\r\n\t\t\t\t\t\t\t\t\t\t\t<a title=\"\" href=\"http:\/\/srconsttr.com\/wp-content\/uploads\/2023\/12\/srs2.jpg\" class=\"sina-portfolio-zoom\" data-gall=\"sina-pf-6528b60\">\r\n\t\t\t\t\t\t\t\t\t\t\t\t<i class=\"fa fa-search-plus\"><\/i>\r\n\t\t\t\t\t\t\t\t\t\t\t<\/a>\r\n\t\t\t\t\t\t\t\t\t\t\t<a href=\"http:\/\/srconsttr.com\/index.php\/projelerimiz\/\"\r\n\t\t\t\t\t\t\t\t\t\t\t\t\t\t\t\t\t\t\t\t\t\t class=\"sina-portfolio-link\">\r\n\t\t\t\t\t\t\t\t\t\t\t\t<i class=\"fa fa-link\"><\/i>\r\n\t\t\t\t\t\t\t\t\t\t\t<\/a>\r\n\t\t\t\t\t\t\t\t\t\t<\/div>\r\n\t\t\t\t\t\t\t\t\t<\/div>\r\n\t\t\t\t\t\t\t\t<\/div>\r\n\t\t\t\t\t\t\t<\/div>\r\n\t\t\t\t\t\t<\/div>\r\n\t\t\t\t\t<\/div>\r\n\t\t\t\t\t\t\t\t\t\t\t\t\t\t\t\t<div class=\"sina-portfolio-item  sina-pf-item-4\">\r\n\t\t\t\t\t\t<div class=\"sina-portfolio-item-inner sina-bg-cover\"\r\n\t\t\t\t\t\t\tstyle=\"background-image: url(http:\/\/srconsttr.com\/wp-content\/uploads\/2023\/12\/srs1.jpg);\">\r\n\t\t\t\t\t\t\t<div class=\"sina-portfolio-overlay sina-overlay sina-flex sina-pf-effect-move\">\r\n\t\t\t\t\t\t\t\t<div class=\"sina-portfolio-icons sina-flex\">\r\n\t\t\t\t\t\t\t\t\t<div class=\"sina-portfolio-content\">\r\n\t\t\t\t\t\t\t\t\t\t\r\n\t\t\t\t\t\t\t\t\t\t<div class=\"btns-wrap\">\r\n\t\t\t\t\t\t\t\t\t\t\t<a title=\"\" href=\"http:\/\/srconsttr.com\/wp-content\/uploads\/2023\/12\/srs1.jpg\" class=\"sina-portfolio-zoom\" data-gall=\"sina-pf-6528b60\">\r\n\t\t\t\t\t\t\t\t\t\t\t\t<i class=\"fa fa-search-plus\"><\/i>\r\n\t\t\t\t\t\t\t\t\t\t\t<\/a>\r\n\t\t\t\t\t\t\t\t\t\t\t<a href=\"http:\/\/srconsttr.com\/index.php\/projelerimiz\/\"\r\n\t\t\t\t\t\t\t\t\t\t\t\t\t\t\t\t\t\t\t\t\t\t class=\"sina-portfolio-link\">\r\n\t\t\t\t\t\t\t\t\t\t\t\t<i class=\"fa fa-link\"><\/i>\r\n\t\t\t\t\t\t\t\t\t\t\t<\/a>\r\n\t\t\t\t\t\t\t\t\t\t<\/div>\r\n\t\t\t\t\t\t\t\t\t<\/div>\r\n\t\t\t\t\t\t\t\t<\/div>\r\n\t\t\t\t\t\t\t<\/div>\r\n\t\t\t\t\t\t<\/div>\r\n\t\t\t\t\t<\/div>\r\n\t\t\t\t\t\t\t\t\t\t<\/div>\r\n\t\t<\/div><!-- .sina-portfolio -->\r\n\t\t\t\t\t\t<\/div>\n\t\t\t\t<\/div>\n\t\t\t\t\t<\/div>\n\t\t\t\t<\/div>\n\t\t<div class=\"elementor-element elementor-element-151bf94 e-flex e-con-boxed e-con e-parent\" data-id=\"151bf94\" data-element_type=\"container\" data-e-type=\"container\" data-settings=\"{&quot;background_background&quot;:&quot;classic&quot;,&quot;shape_divider_top&quot;:&quot;mountains&quot;}\">\n\t\t\t\t\t<div class=\"e-con-inner\">\n\t\t\t\t<div class=\"elementor-shape elementor-shape-top\" aria-hidden=\"true\" data-negative=\"false\">\n\t\t\t<svg xmlns=\"http:\/\/www.w3.org\/2000\/svg\" viewBox=\"0 0 1000 100\" preserveAspectRatio=\"none\">\n\t<path class=\"elementor-shape-fill\" opacity=\"0.33\" d=\"M473,67.3c-203.9,88.3-263.1-34-320.3,0C66,119.1,0,59.7,0,59.7V0h1000v59.7 c0,0-62.1,26.1-94.9,29.3c-32.8,3.3-62.8-12.3-75.8-22.1C806,49.6,745.3,8.7,694.9,4.7S492.4,59,473,67.3z\"\/>\n\t<path class=\"elementor-shape-fill\" opacity=\"0.66\" d=\"M734,67.3c-45.5,0-77.2-23.2-129.1-39.1c-28.6-8.7-150.3-10.1-254,39.1 s-91.7-34.4-149.2,0C115.7,118.3,0,39.8,0,39.8V0h1000v36.5c0,0-28.2-18.5-92.1-18.5C810.2,18.1,775.7,67.3,734,67.3z\"\/>\n\t<path class=\"elementor-shape-fill\" d=\"M766.1,28.9c-200-57.5-266,65.5-395.1,19.5C242,1.8,242,5.4,184.8,20.6C128,35.8,132.3,44.9,89.9,52.5C28.6,63.7,0,0,0,0 h1000c0,0-9.9,40.9-83.6,48.1S829.6,47,766.1,28.9z\"\/>\n<\/svg>\t\t<\/div>\n\t\t\t\t\t<\/div>\n\t\t\t\t<\/div>\n\t\t\t\t<\/div>\n\t\t","protected":false},"excerpt":{"rendered":"<p>SADECE \u0130N\u015eAAT YAPMIYORUZ Fikirleri ve vizyonlar\u0131 \u00f6d\u00fcll\u00fc projelere d\u00f6n\u00fc\u015ft\u00fcr\u00fcyoruz. \u0130nceleyiniz. B\u0130Z NELER YAPIYORUZ SR CONSTRUCTION TR, m\u00fc\u015fterilerini memnun etmek i\u00e7in her zaman en kaliteli tedarik\u00e7iler, en itibarl\u0131 \u00e7\u00f6z\u00fcm ortaklar\u0131 ve en donan\u0131ml\u0131 personel ile \u00e7al\u0131\u015fmakta, kendisini s\u00fcrekli geli\u015ftirmektedir. M\u00fc\u015fteri ihtiya\u00e7lar\u0131n\u0131n gerektirdi\u011fi s\u00fcrd\u00fcr\u00fclebilir d\u00f6n\u00fc\u015f\u00fcm i\u00e7in; \u00e7al\u0131\u015fanlar\u0131n\u0131, \u00e7\u00f6z\u00fcm ortaklar\u0131n\u0131, tedarik\u00e7ilerini s\u00fcrekli yenilik\u00e7i teknolojilerle desteklemektedir. Projelerimiz<\/p>\n","protected":false},"author":1,"featured_media":0,"parent":0,"menu_order":0,"comment_status":"closed","ping_status":"closed","template":"","meta":{"_kad_post_transparent":"","_kad_post_title":"hide","_kad_post_layout":"fullwidth","_kad_post_sidebar_id":"","_kad_post_content_style":"unboxed","_kad_post_vertical_padding":"hide","_kad_post_feature":"hide","_kad_post_feature_position":"","_kad_post_header":false,"_kad_post_footer":false,"footnotes":""},"class_list":["post-1112","page","type-page","status-publish","hentry"],"_links":{"self":[{"href":"https:\/\/srconsttr.com\/index.php\/wp-json\/wp\/v2\/pages\/1112","targetHints":{"allow":["GET"]}}],"collection":[{"href":"https:\/\/srconsttr.com\/index.php\/wp-json\/wp\/v2\/pages"}],"about":[{"href":"https:\/\/srconsttr.com\/index.php\/wp-json\/wp\/v2\/types\/page"}],"author":[{"embeddable":true,"href":"https:\/\/srconsttr.com\/index.php\/wp-json\/wp\/v2\/users\/1"}],"replies":[{"embeddable":true,"href":"https:\/\/srconsttr.com\/index.php\/wp-json\/wp\/v2\/comments?post=1112"}],"version-history":[{"count":178,"href":"https:\/\/srconsttr.com\/index.php\/wp-json\/wp\/v2\/pages\/1112\/revisions"}],"predecessor-version":[{"id":1515,"href":"https:\/\/srconsttr.com\/index.php\/wp-json\/wp\/v2\/pages\/1112\/revisions\/1515"}],"wp:attachment":[{"href":"https:\/\/srconsttr.com\/index.php\/wp-json\/wp\/v2\/media?parent=1112"}],"curies":[{"name":"wp","href":"https:\/\/api.w.org\/{rel}","templated":true}]}}